{"id":2707,"date":"2017-11-14T08:58:53","date_gmt":"2017-11-14T06:58:53","guid":{"rendered":"https:\/\/oppisopimusfi-wp16282.test.cchosting.fi\/?page_id=2707\/"},"modified":"2018-08-31T14:54:05","modified_gmt":"2018-08-31T11:54:05","slug":"personligt-medlemskap","status":"publish","type":"page","link":"https:\/\/oppisopimus.fi\/sv\/ansok_om_medlemskap\/personligt-medlemskap\/","title":{"rendered":"Personligt medlemskap"},"content":{"rendered":"\n<div class=\"wpcf7 no-js\" id=\"wpcf7-f876-o1\" lang=\"fi\" dir=\"ltr\">\n<div class=\"screen-reader-response\"><p role=\"status\" aria-live=\"polite\" aria-atomic=\"true\"><\/p> <ul><\/ul><\/div>\n<form action=\"\/sv\/wp-json\/wp\/v2\/pages\/2707#wpcf7-f876-o1\" method=\"post\" class=\"wpcf7-form init\" aria-label=\"Yhteydenottolomake\" novalidate=\"novalidate\" data-status=\"init\">\n<div style=\"display: none;\">\n<input type=\"hidden\" name=\"_wpcf7\" value=\"876\" \/>\n<input type=\"hidden\" name=\"_wpcf7_version\" value=\"5.9.4\" \/>\n<input type=\"hidden\" name=\"_wpcf7_locale\" value=\"fi\" \/>\n<input type=\"hidden\" name=\"_wpcf7_unit_tag\" value=\"wpcf7-f876-o1\" \/>\n<input type=\"hidden\" name=\"_wpcf7_container_post\" value=\"0\" \/>\n<input type=\"hidden\" name=\"_wpcf7_posted_data_hash\" value=\"\" \/>\n<\/div>\n<div class=\"wpcf7-response-output\" aria-hidden=\"true\"><\/div>\n<p><label> Sukunimi\/Efternamn <span>*<\/span><\/label><br \/>\n<span class=\"wpcf7-form-control-wrap\" data-name=\"sukunimi\"><input size=\"40\" class=\"wpcf7-form-control wpcf7-text wpcf7-validates-as-required\" aria-required=\"true\" aria-invalid=\"false\" value=\"\" type=\"text\" name=\"sukunimi\" \/><\/span>\n<\/p>\n<p><label> Etunimi\/F\u00f6rnamn <span>*<\/span><\/label><br \/>\n<span class=\"wpcf7-form-control-wrap\" data-name=\"etunimi\"><input size=\"40\" class=\"wpcf7-form-control wpcf7-text wpcf7-validates-as-required\" aria-required=\"true\" aria-invalid=\"false\" value=\"\" type=\"text\" name=\"etunimi\" \/><\/span>\n<\/p>\n<p><span id=\"wpcf7-69e51c18e19a1-wrapper\" class=\"wpcf7-form-control-wrap lastname-wrap\" style=\"display:none !important; visibility:hidden !important;\"><label for=\"wpcf7-69e51c18e19a1-field\" class=\"hp-message\">Please leave this field empty.<\/label><input id=\"wpcf7-69e51c18e19a1-field\"  class=\"wpcf7-form-control wpcf7-text\" type=\"text\" name=\"lastname\" value=\"\" size=\"40\" tabindex=\"-1\" autocomplete=\"new-password\" \/><\/span>\n<\/p>\n<p><label> Osoite\/Adress <span>*<\/span><\/label><br \/>\n<span class=\"wpcf7-form-control-wrap\" data-name=\"osoite\"><input size=\"40\" class=\"wpcf7-form-control wpcf7-text wpcf7-validates-as-required\" aria-required=\"true\" aria-invalid=\"false\" value=\"\" type=\"text\" name=\"osoite\" \/><\/span>\n<\/p>\n<p><label> S\u00e4hk\u00f6posti\/E-post <span>*<\/span><\/label><br \/>\n<span class=\"wpcf7-form-control-wrap\" data-name=\"email\"><input size=\"40\" class=\"wpcf7-form-control wpcf7-email wpcf7-validates-as-required wpcf7-text wpcf7-validates-as-email\" aria-required=\"true\" aria-invalid=\"false\" value=\"\" type=\"email\" name=\"email\" \/><\/span>\n<\/p>\n<p><label> Viesti\/Meddelande<\/label><br \/>\n<span class=\"wpcf7-form-control-wrap\" data-name=\"lisatietoja\"><textarea cols=\"40\" rows=\"10\" class=\"wpcf7-form-control wpcf7-textarea\" aria-invalid=\"false\" name=\"lisatietoja\"><\/textarea><\/span>\n<\/p>\n<p class=\"red\">* T\u00e4hdell\u00e4 merkityt kent\u00e4t ovat pakollisia\/Obligatoriska f\u00e4lt\n<\/p>\n<div class=\"wpcf7-response-output\" aria-hidden=\"true\"><\/div>\n<p><input class=\"wpcf7-form-control wpcf7-submit has-spinner\" type=\"submit\" value=\"L\u00e4het\u00e4\/S\u00e4nd\" \/>\n<\/p>\n<\/form>\n<\/div>\n\n","protected":false},"excerpt":{"rendered":"","protected":false},"author":7,"featured_media":0,"parent":2684,"menu_order":0,"comment_status":"closed","ping_status":"closed","template":"","meta":{"_acf_changed":false,"footnotes":""},"acf":[],"yoast_head":"<title>Personligt medlemskap - Oppisopimus<\/title>\n<meta name=\"robots\" content=\"index, follow, max-snippet:-1, max-image-preview:large, max-video-preview:-1\" \/>\n<link rel=\"canonical\" href=\"https:\/\/oppisopimus.fi\/sv\/ansok_om_medlemskap\/personligt-medlemskap\/\" \/>\n<meta property=\"og:locale\" content=\"sv_SE\" \/>\n<meta property=\"og:type\" content=\"article\" \/>\n<meta property=\"og:title\" content=\"Personligt medlemskap - Oppisopimus\" \/>\n<meta property=\"og:url\" content=\"https:\/\/oppisopimus.fi\/sv\/ansok_om_medlemskap\/personligt-medlemskap\/\" \/>\n<meta property=\"og:site_name\" content=\"Oppisopimus\" \/>\n<meta property=\"article:publisher\" content=\"https:\/\/www.facebook.com\/oppisopimus.fi\/\" \/>\n<meta property=\"article:modified_time\" content=\"2018-08-31T11:54:05+00:00\" \/>\n<meta property=\"og:image\" content=\"https:\/\/oppisopimus.fi\/wp-content\/uploads\/2016\/09\/oppisopimus_fb.jpg\" \/>\n\t<meta property=\"og:image:width\" content=\"1860\" \/>\n\t<meta property=\"og:image:height\" content=\"970\" \/>\n\t<meta property=\"og:image:type\" content=\"image\/jpeg\" \/>\n<meta name=\"twitter:card\" content=\"summary_large_image\" \/>\n<meta name=\"twitter:site\" content=\"@oppisopimusfi\" \/>\n<script type=\"application\/ld+json\" class=\"yoast-schema-graph\">{\"@context\":\"https:\/\/schema.org\",\"@graph\":[{\"@type\":\"WebPage\",\"@id\":\"https:\/\/oppisopimus.fi\/sv\/ansok_om_medlemskap\/personligt-medlemskap\/\",\"url\":\"https:\/\/oppisopimus.fi\/sv\/ansok_om_medlemskap\/personligt-medlemskap\/\",\"name\":\"Personligt medlemskap - Oppisopimus\",\"isPartOf\":{\"@id\":\"https:\/\/oppisopimus.fi\/#website\"},\"datePublished\":\"2017-11-14T06:58:53+00:00\",\"dateModified\":\"2018-08-31T11:54:05+00:00\",\"breadcrumb\":{\"@id\":\"https:\/\/oppisopimus.fi\/sv\/ansok_om_medlemskap\/personligt-medlemskap\/#breadcrumb\"},\"inLanguage\":\"sv-SE\",\"potentialAction\":[{\"@type\":\"ReadAction\",\"target\":[\"https:\/\/oppisopimus.fi\/sv\/ansok_om_medlemskap\/personligt-medlemskap\/\"]}]},{\"@type\":\"BreadcrumbList\",\"@id\":\"https:\/\/oppisopimus.fi\/sv\/ansok_om_medlemskap\/personligt-medlemskap\/#breadcrumb\",\"itemListElement\":[{\"@type\":\"ListItem\",\"position\":1,\"name\":\"Home\",\"item\":\"https:\/\/oppisopimus.fi\/sv\/\"},{\"@type\":\"ListItem\",\"position\":2,\"name\":\"Ans\u00f6k om medlemskap\",\"item\":\"https:\/\/oppisopimus.fi\/sv\/ansok_om_medlemskap\/\"},{\"@type\":\"ListItem\",\"position\":3,\"name\":\"Personligt medlemskap\"}]},{\"@type\":\"WebSite\",\"@id\":\"https:\/\/oppisopimus.fi\/#website\",\"url\":\"https:\/\/oppisopimus.fi\/\",\"name\":\"Oppisopimus\",\"description\":\"\",\"potentialAction\":[{\"@type\":\"SearchAction\",\"target\":{\"@type\":\"EntryPoint\",\"urlTemplate\":\"https:\/\/oppisopimus.fi\/search\/{search_term_string}\"},\"query-input\":\"required name=search_term_string\"}],\"inLanguage\":\"sv-SE\"}]}<\/script>","yoast_head_json":{"title":"Personligt medlemskap - Oppisopimus","robots":{"index":"index","follow":"follow","max-snippet":"max-snippet:-1","max-image-preview":"max-image-preview:large","max-video-preview":"max-video-preview:-1"},"canonical":"https:\/\/oppisopimus.fi\/sv\/ansok_om_medlemskap\/personligt-medlemskap\/","og_locale":"sv_SE","og_type":"article","og_title":"Personligt medlemskap - Oppisopimus","og_url":"https:\/\/oppisopimus.fi\/sv\/ansok_om_medlemskap\/personligt-medlemskap\/","og_site_name":"Oppisopimus","article_publisher":"https:\/\/www.facebook.com\/oppisopimus.fi\/","article_modified_time":"2018-08-31T11:54:05+00:00","og_image":[{"width":1860,"height":970,"url":"https:\/\/oppisopimus.fi\/wp-content\/uploads\/2016\/09\/oppisopimus_fb.jpg","type":"image\/jpeg"}],"twitter_card":"summary_large_image","twitter_site":"@oppisopimusfi","schema":{"@context":"https:\/\/schema.org","@graph":[{"@type":"WebPage","@id":"https:\/\/oppisopimus.fi\/sv\/ansok_om_medlemskap\/personligt-medlemskap\/","url":"https:\/\/oppisopimus.fi\/sv\/ansok_om_medlemskap\/personligt-medlemskap\/","name":"Personligt medlemskap - Oppisopimus","isPartOf":{"@id":"https:\/\/oppisopimus.fi\/#website"},"datePublished":"2017-11-14T06:58:53+00:00","dateModified":"2018-08-31T11:54:05+00:00","breadcrumb":{"@id":"https:\/\/oppisopimus.fi\/sv\/ansok_om_medlemskap\/personligt-medlemskap\/#breadcrumb"},"inLanguage":"sv-SE","potentialAction":[{"@type":"ReadAction","target":["https:\/\/oppisopimus.fi\/sv\/ansok_om_medlemskap\/personligt-medlemskap\/"]}]},{"@type":"BreadcrumbList","@id":"https:\/\/oppisopimus.fi\/sv\/ansok_om_medlemskap\/personligt-medlemskap\/#breadcrumb","itemListElement":[{"@type":"ListItem","position":1,"name":"Home","item":"https:\/\/oppisopimus.fi\/sv\/"},{"@type":"ListItem","position":2,"name":"Ans\u00f6k om medlemskap","item":"https:\/\/oppisopimus.fi\/sv\/ansok_om_medlemskap\/"},{"@type":"ListItem","position":3,"name":"Personligt medlemskap"}]},{"@type":"WebSite","@id":"https:\/\/oppisopimus.fi\/#website","url":"https:\/\/oppisopimus.fi\/","name":"Oppisopimus","description":"","potentialAction":[{"@type":"SearchAction","target":{"@type":"EntryPoint","urlTemplate":"https:\/\/oppisopimus.fi\/search\/{search_term_string}"},"query-input":"required name=search_term_string"}],"inLanguage":"sv-SE"}]}},"_links":{"self":[{"href":"https:\/\/oppisopimus.fi\/sv\/wp-json\/wp\/v2\/pages\/2707"}],"collection":[{"href":"https:\/\/oppisopimus.fi\/sv\/wp-json\/wp\/v2\/pages"}],"about":[{"href":"https:\/\/oppisopimus.fi\/sv\/wp-json\/wp\/v2\/types\/page"}],"author":[{"embeddable":true,"href":"https:\/\/oppisopimus.fi\/sv\/wp-json\/wp\/v2\/users\/7"}],"replies":[{"embeddable":true,"href":"https:\/\/oppisopimus.fi\/sv\/wp-json\/wp\/v2\/comments?post=2707"}],"version-history":[{"count":2,"href":"https:\/\/oppisopimus.fi\/sv\/wp-json\/wp\/v2\/pages\/2707\/revisions"}],"predecessor-version":[{"id":2709,"href":"https:\/\/oppisopimus.fi\/sv\/wp-json\/wp\/v2\/pages\/2707\/revisions\/2709"}],"up":[{"embeddable":true,"href":"https:\/\/oppisopimus.fi\/sv\/wp-json\/wp\/v2\/pages\/2684"}],"wp:attachment":[{"href":"https:\/\/oppisopimus.fi\/sv\/wp-json\/wp\/v2\/media?parent=2707"}],"curies":[{"name":"wp","href":"https:\/\/api.w.org\/{rel}","templated":true}]}}