{"id":2676,"date":"2016-09-06T10:23:43","date_gmt":"2016-09-06T07:23:43","guid":{"rendered":"https:\/\/oppisopimusfi-wp16282.test.cchosting.fi\/opso\/"},"modified":"2023-10-03T15:02:26","modified_gmt":"2023-10-03T12:02:26","slug":"opso","status":"publish","type":"page","link":"https:\/\/oppisopimus.fi\/sv\/opso\/","title":{"rendered":"OPSO \u2013 L\u00e4roavtalssakkunniga i Finland rf."},"content":{"rendered":"<p>OPSO \u2013 L\u00e4roavtalsutbildningsarrang\u00f6rerna i Finland rf \u00e4r en f\u00f6rening, som bl.a. befr\u00e4mja samarbetet mellan f\u00f6reningens medlemmar, f\u00f6rb\u00e4ttrar branschens allm\u00e4nna verksamhetsf\u00f6ruts\u00e4ttningar och befr\u00e4mja l\u00e4roavtalsstuderandes, arbetsgivarnas\/f\u00f6retagarnas och utbildningsorganisationernas gemensamma f\u00f6rm\u00e5ner.<\/p>\n<p><strong>F\u00d6RENINGENS SYFTE \u00c4R ATT<\/strong><\/p>\n<ul>\n<li>Befr\u00e4mja f\u00f6reningens medlemmars samverksamhet och f\u00f6rb\u00e4ttra branschens allm\u00e4nna verksamhetsf\u00f6ruts\u00e4ttningar<\/li>\n<li>Befr\u00e4mja l\u00e4roavtalsstuderandes, arbetsgivares\/f\u00f6retagarnas och utbildningsorganisationernas allm\u00e4nna och gemensamma f\u00f6rdelar f\u00f6r l\u00e4roavtalsverksamheten<\/li>\n<li>F\u00f6reningen f\u00f6ljer med l\u00e4roavtalsutbildning och utvecklingen som st\u00f6der den.<\/li>\n<li>F\u00f6ljer med lagstiftning och g\u00f6r initiativ, f\u00f6rslag och ger utl\u00e5tanden, st\u00e4llningstaganden<\/li>\n<li>F\u00f6reningen arrangerar m\u00f6ten, utbildning, r\u00e5dpl\u00e4gningsdagar tillsammans eller skilt med UKM och UBS sakkunniga, utn\u00e4mner representanter inom l\u00e4roavtalsutbildning till arbetsgrupper och olika kommissioner p\u00e5 beg\u00e4ran av UKM, UBS och andra arbetsgrupper.<\/li>\n<li>F\u00f6reningen kan ta emot donationer, testamenten f\u00f6r att st\u00f6da verksamheten kan f\u00f6reningen f\u00f6r sin verksamhet \u00e4ga \u00a0fast eller l\u00f6s egendom<\/li>\n<li>F\u00f6reningen kan arrangera lotterier och penninginsamlingar (tillst\u00e5nd)<\/li>\n<\/ul>\n","protected":false},"excerpt":{"rendered":"<p>OPSO \u2013 L\u00e4roavtalsutbildningsarrang\u00f6rerna i Finland rf \u00e4r en f\u00f6rening, som bl.a. befr\u00e4mja samarbetet mellan f\u00f6reningens medlemmar, f\u00f6rb\u00e4ttrar branschens allm\u00e4nna verksamhetsf\u00f6ruts\u00e4ttningar och befr\u00e4mja l\u00e4roavtalsstuderandes, arbetsgivarnas\/f\u00f6retagarnas och utbildningsorganisationernas gemensamma f\u00f6rm\u00e5ner. F\u00d6RENINGENS SYFTE \u00c4R ATT Befr\u00e4mja f\u00f6reningens medlemmars samverksamhet och f\u00f6rb\u00e4ttra branschens allm\u00e4nna verksamhetsf\u00f6ruts\u00e4ttningar Befr\u00e4mja l\u00e4roavtalsstuderandes, arbetsgivares\/f\u00f6retagarnas och utbildningsorganisationernas allm\u00e4nna och gemensamma f\u00f6rdelar f\u00f6r l\u00e4roavtalsverksamheten F\u00f6reningen f\u00f6ljer med &hellip; <a href=\"https:\/\/oppisopimus.fi\/sv\/opso\/\">L\u00e4s mer<\/a><\/p>\n","protected":false},"author":4,"featured_media":0,"parent":0,"menu_order":0,"comment_status":"closed","ping_status":"closed","template":"","meta":{"_acf_changed":false,"footnotes":""},"acf":[],"yoast_head":"<title>OPSO \u2013 Suomen oppisopimuskoulutuksen j\u00e4rjest\u00e4j\u00e4t ry<\/title>\n<meta name=\"description\" content=\"Suomen oppisopimuskoulutuksen j\u00e4rjest\u00e4j\u00e4t ry (OPSO) on yhdistys, joka kokoaa yhteen oppisopimuskoulutusta tarjoavia tahoja.\" \/>\n<meta name=\"robots\" content=\"index, follow, max-snippet:-1, max-image-preview:large, max-video-preview:-1\" \/>\n<link rel=\"canonical\" href=\"https:\/\/oppisopimus.fi\/sv\/opso\/\" \/>\n<meta property=\"og:locale\" content=\"sv_SE\" \/>\n<meta property=\"og:type\" content=\"article\" \/>\n<meta property=\"og:title\" content=\"OPSO \u2013 Suomen oppisopimuskoulutuksen j\u00e4rjest\u00e4j\u00e4t ry\" \/>\n<meta property=\"og:description\" content=\"Suomen oppisopimuskoulutuksen j\u00e4rjest\u00e4j\u00e4t ry (OPSO) on yhdistys, joka kokoaa yhteen oppisopimuskoulutusta tarjoavia tahoja.\" \/>\n<meta property=\"og:url\" content=\"https:\/\/oppisopimus.fi\/sv\/opso\/\" \/>\n<meta property=\"og:site_name\" content=\"Oppisopimus\" \/>\n<meta property=\"article:publisher\" content=\"https:\/\/www.facebook.com\/oppisopimus.fi\/\" \/>\n<meta property=\"article:modified_time\" content=\"2023-10-03T12:02:26+00:00\" \/>\n<meta property=\"og:image\" content=\"https:\/\/oppisopimus.fi\/wp-content\/uploads\/2016\/09\/oppisopimus_fb.jpg\" \/>\n\t<meta property=\"og:image:width\" content=\"1860\" \/>\n\t<meta property=\"og:image:height\" content=\"970\" \/>\n\t<meta property=\"og:image:type\" content=\"image\/jpeg\" \/>\n<meta name=\"twitter:card\" content=\"summary_large_image\" \/>\n<meta name=\"twitter:site\" content=\"@oppisopimusfi\" \/>\n<meta name=\"twitter:label1\" content=\"Ber\u00e4knad l\u00e4stid\" \/>\n\t<meta name=\"twitter:data1\" content=\"1 minut\" \/>\n<script type=\"application\/ld+json\" class=\"yoast-schema-graph\">{\"@context\":\"https:\/\/schema.org\",\"@graph\":[{\"@type\":\"WebPage\",\"@id\":\"https:\/\/oppisopimus.fi\/sv\/opso\/\",\"url\":\"https:\/\/oppisopimus.fi\/sv\/opso\/\",\"name\":\"OPSO \u2013 Suomen oppisopimuskoulutuksen j\u00e4rjest\u00e4j\u00e4t ry\",\"isPartOf\":{\"@id\":\"https:\/\/oppisopimus.fi\/#website\"},\"datePublished\":\"2016-09-06T07:23:43+00:00\",\"dateModified\":\"2023-10-03T12:02:26+00:00\",\"description\":\"Suomen oppisopimuskoulutuksen j\u00e4rjest\u00e4j\u00e4t ry (OPSO) on yhdistys, joka kokoaa yhteen oppisopimuskoulutusta tarjoavia tahoja.\",\"breadcrumb\":{\"@id\":\"https:\/\/oppisopimus.fi\/sv\/opso\/#breadcrumb\"},\"inLanguage\":\"sv-SE\",\"potentialAction\":[{\"@type\":\"ReadAction\",\"target\":[\"https:\/\/oppisopimus.fi\/sv\/opso\/\"]}]},{\"@type\":\"BreadcrumbList\",\"@id\":\"https:\/\/oppisopimus.fi\/sv\/opso\/#breadcrumb\",\"itemListElement\":[{\"@type\":\"ListItem\",\"position\":1,\"name\":\"Home\",\"item\":\"https:\/\/oppisopimus.fi\/sv\/\"},{\"@type\":\"ListItem\",\"position\":2,\"name\":\"OPSO \u2013 L\u00e4roavtalssakkunniga i Finland rf.\"}]},{\"@type\":\"WebSite\",\"@id\":\"https:\/\/oppisopimus.fi\/#website\",\"url\":\"https:\/\/oppisopimus.fi\/\",\"name\":\"Oppisopimus\",\"description\":\"\",\"potentialAction\":[{\"@type\":\"SearchAction\",\"target\":{\"@type\":\"EntryPoint\",\"urlTemplate\":\"https:\/\/oppisopimus.fi\/search\/{search_term_string}\"},\"query-input\":\"required name=search_term_string\"}],\"inLanguage\":\"sv-SE\"}]}<\/script>","yoast_head_json":{"title":"OPSO \u2013 Suomen oppisopimuskoulutuksen j\u00e4rjest\u00e4j\u00e4t ry","description":"Suomen oppisopimuskoulutuksen j\u00e4rjest\u00e4j\u00e4t ry (OPSO) on yhdistys, joka kokoaa yhteen oppisopimuskoulutusta tarjoavia tahoja.","robots":{"index":"index","follow":"follow","max-snippet":"max-snippet:-1","max-image-preview":"max-image-preview:large","max-video-preview":"max-video-preview:-1"},"canonical":"https:\/\/oppisopimus.fi\/sv\/opso\/","og_locale":"sv_SE","og_type":"article","og_title":"OPSO \u2013 Suomen oppisopimuskoulutuksen j\u00e4rjest\u00e4j\u00e4t ry","og_description":"Suomen oppisopimuskoulutuksen j\u00e4rjest\u00e4j\u00e4t ry (OPSO) on yhdistys, joka kokoaa yhteen oppisopimuskoulutusta tarjoavia tahoja.","og_url":"https:\/\/oppisopimus.fi\/sv\/opso\/","og_site_name":"Oppisopimus","article_publisher":"https:\/\/www.facebook.com\/oppisopimus.fi\/","article_modified_time":"2023-10-03T12:02:26+00:00","og_image":[{"width":1860,"height":970,"url":"https:\/\/oppisopimus.fi\/wp-content\/uploads\/2016\/09\/oppisopimus_fb.jpg","type":"image\/jpeg"}],"twitter_card":"summary_large_image","twitter_site":"@oppisopimusfi","twitter_misc":{"Ber\u00e4knad l\u00e4stid":"1 minut"},"schema":{"@context":"https:\/\/schema.org","@graph":[{"@type":"WebPage","@id":"https:\/\/oppisopimus.fi\/sv\/opso\/","url":"https:\/\/oppisopimus.fi\/sv\/opso\/","name":"OPSO \u2013 Suomen oppisopimuskoulutuksen j\u00e4rjest\u00e4j\u00e4t ry","isPartOf":{"@id":"https:\/\/oppisopimus.fi\/#website"},"datePublished":"2016-09-06T07:23:43+00:00","dateModified":"2023-10-03T12:02:26+00:00","description":"Suomen oppisopimuskoulutuksen j\u00e4rjest\u00e4j\u00e4t ry (OPSO) on yhdistys, joka kokoaa yhteen oppisopimuskoulutusta tarjoavia tahoja.","breadcrumb":{"@id":"https:\/\/oppisopimus.fi\/sv\/opso\/#breadcrumb"},"inLanguage":"sv-SE","potentialAction":[{"@type":"ReadAction","target":["https:\/\/oppisopimus.fi\/sv\/opso\/"]}]},{"@type":"BreadcrumbList","@id":"https:\/\/oppisopimus.fi\/sv\/opso\/#breadcrumb","itemListElement":[{"@type":"ListItem","position":1,"name":"Home","item":"https:\/\/oppisopimus.fi\/sv\/"},{"@type":"ListItem","position":2,"name":"OPSO \u2013 L\u00e4roavtalssakkunniga i Finland rf."}]},{"@type":"WebSite","@id":"https:\/\/oppisopimus.fi\/#website","url":"https:\/\/oppisopimus.fi\/","name":"Oppisopimus","description":"","potentialAction":[{"@type":"SearchAction","target":{"@type":"EntryPoint","urlTemplate":"https:\/\/oppisopimus.fi\/search\/{search_term_string}"},"query-input":"required name=search_term_string"}],"inLanguage":"sv-SE"}]}},"_links":{"self":[{"href":"https:\/\/oppisopimus.fi\/sv\/wp-json\/wp\/v2\/pages\/2676"}],"collection":[{"href":"https:\/\/oppisopimus.fi\/sv\/wp-json\/wp\/v2\/pages"}],"about":[{"href":"https:\/\/oppisopimus.fi\/sv\/wp-json\/wp\/v2\/types\/page"}],"author":[{"embeddable":true,"href":"https:\/\/oppisopimus.fi\/sv\/wp-json\/wp\/v2\/users\/4"}],"replies":[{"embeddable":true,"href":"https:\/\/oppisopimus.fi\/sv\/wp-json\/wp\/v2\/comments?post=2676"}],"version-history":[{"count":11,"href":"https:\/\/oppisopimus.fi\/sv\/wp-json\/wp\/v2\/pages\/2676\/revisions"}],"predecessor-version":[{"id":6533,"href":"https:\/\/oppisopimus.fi\/sv\/wp-json\/wp\/v2\/pages\/2676\/revisions\/6533"}],"wp:attachment":[{"href":"https:\/\/oppisopimus.fi\/sv\/wp-json\/wp\/v2\/media?parent=2676"}],"curies":[{"name":"wp","href":"https:\/\/api.w.org\/{rel}","templated":true}]}}