{"id":1692,"date":"2016-08-26T14:10:17","date_gmt":"2016-08-26T11:10:17","guid":{"rendered":"https:\/\/oppisopimusfi-wp16282.test.cchosting.fi\/foretagare\/oppisopimuskoulutus\/"},"modified":"2021-03-17T12:43:18","modified_gmt":"2021-03-17T10:43:18","slug":"laroavtalsutbildning","status":"publish","type":"page","link":"https:\/\/oppisopimus.fi\/sv\/foretagare\/laroavtalsutbildning\/","title":{"rendered":"H\u00f6j dina kunskaper till n\u00e4sta niv\u00e5!"},"content":{"rendered":"<p>Oavsett om du precis har b\u00f6rjat eller redan samlat en stor erfarenhet som f\u00f6retagare, kommer ett framg\u00e5ngsrikt slutf\u00f6rande av en l\u00e4roavtalsutbildning eller vidareutbildning ge dig s\u00e4kerhet i f\u00f6retagarskapet\u00a0och bredda din verksamhet. Med l\u00e4roavtalsutbildning utbildar du dig samtidigt som du arbetar i ditt f\u00f6retag. F\u00f6retagarens l\u00e4roavtalsutbildning bygger p\u00e5 en \u00f6verenskommelse mellan f\u00f6retagaren och utbildningsanordnaren.<\/p>\n<blockquote><p>F\u00f6retagare &#8211; h\u00f6j dina f\u00e4rdigheter till en ny niv\u00e5 med l\u00e4roavtalet!<\/p><\/blockquote>\n<p>Du genomf\u00f6r utbildningen till 80 % genom att arbeta i ditt eget f\u00f6retag och de \u00e5terst\u00e5ende 20 % p\u00e5 l\u00e4roanstalten.<\/p>\n<p>Med l\u00e4roavtalet ut\u00f6kar du ditt n\u00e4tverk och f\u00e5r nya id\u00e9er f\u00f6r ett framg\u00e5ngsrikt f\u00f6retagande. Du betalar endast examensavgiften (58 \u20ac), och f\u00e5r en v\u00e4rdefull utbildning utan andra studieavgifter.<\/p>\n<p>Syftet med utbildningen \u00e4r alltid att utveckla f\u00f6retaget och dess verksamhet. Med l\u00e4roavtalet kan du antingen ta en yrkesexamen eller en f\u00f6retagsrelaterad examen.<\/p>\n<h2>Typiska situationer varf\u00f6r en f\u00f6retagare ska utbilda sig<\/h2>\n<ul>\n<li>F\u00f6retaget har nyligen startat<\/li>\n<li>F\u00f6r\u00e4ndring p\u00e5 marknaden ger behov att utveckla eller diversifiera sina tj\u00e4nster<\/li>\n<li>F\u00f6retaget v\u00e4xer och f\u00f6retagaren vill utveckla sina ledaregenskaper<\/li>\n<li>Beh\u00f6ver st\u00f6d med f\u00f6retagsk\u00f6p eller f\u00f6rs\u00e4ljning av f\u00f6retag<\/li>\n<li>En \u00f6nskan eller ett behov av att uppdatera sina yrkeskunskaper<\/li>\n<\/ul>\n<h2>F\u00f6retagare i behov av mentor<\/h2>\n<p>En l\u00e4roavtalsstuderande f\u00f6retagare \u00e4r i behov av\u00a0en mentor. Till hj\u00e4lp kan till exempel den nationella <a href=\"https:\/\/mentoripankki.recit.fi\/sv\/\" target=\"_blank\" rel=\"noopener noreferrer\">mentorsbanken<\/a> anv\u00e4ndas. En mentor beh\u00f6ver inte vara verksam i din bransch.<\/p>\n<p>Mentorn \u00e5tar sig att v\u00e4gleda och st\u00f6dja dig i dina m\u00e5l och att tr\u00e4ffa dig regelbundet under hela utbildningsperioden som \u00e4r ungef\u00e4r 1,5 \u00e5r. Hen bed\u00f6mer dina framsteg och din inl\u00e4rning, samt samarbetar med l\u00e4roanstalten\u00a0och utbildningsanordnaren i din region. F\u00f6retagare som studerar genom l\u00e4roavtalet ansvarar f\u00f6r kontakten med sin mentor. Ni tr\u00e4ffas vid behov, vanligtvis ungef\u00e4r var 4:e till 6:e vecka. Det l\u00f6nar sig att h\u00e5lla kontakt med mentorn\u00a0ocks\u00e5 mellan m\u00f6tena. Mentorn delar med sig av sin kunskap och erfarenhet, och uppmuntrar dig att g\u00e5 vidare. F\u00f6rh\u00e5llandet \u00e4r konfidentiellt.<\/p>\n<h2>Teoretiska studier<\/h2>\n<p>Som f\u00f6retagarstuderande i l\u00e4roavtalsutbildning deltar du 1-4 dagar per m\u00e5nad i undervisning i teoretiska studier p\u00e5 l\u00e4roanstalten. Du f\u00e5r p\u00e5 s\u00e5 vis undervisning fr\u00e5n tv\u00e5 k\u00e4llor (mentorn och skolan) och p\u00e5 det s\u00e4ttet nya f\u00e4rdigheter, n\u00e4tverk, arbetsmetoder samt kvalifikationer i att hantera din verksamhet b\u00e4ttre.<\/p>\n<h2>GenoMf\u00f6rande av studierna<\/h2>\n<p>Ditt kunnande visar du under examinationstillf\u00e4llen p\u00e5 arbetsplatsen. Godk\u00e4nda resultat vid examinationstillf\u00e4llen leder s\u00e5 sm\u00e5ningom till en examen.<\/p>\n<h2>L\u00e4roavtalskostnader f\u00f6r f\u00f6retagare<\/h2>\n<p>F\u00f6r l\u00e4roavtalsutbildningen utg\u00e5r ett eng\u00e5ngsbelopp f\u00f6r f\u00f6retagaren i form av en examensavgift. Examensavgiften \u00e4r 58 euro. F\u00f6r utebliven inkomst under den teoretiska delen av utbildningen (1-4 dagar per m\u00e5nad) kan man ans\u00f6ka om ers\u00e4ttning fr\u00e5n din regions utbildningsanordnare i form av studiesociala f\u00f6rm\u00e5ner. Studerande kan \u00e4ven f\u00e5 ers\u00e4ttning f\u00f6r resor och inkvartering. F\u00f6rdelarna \u00e4r lagstadgade och skattefria.<\/p>\n<h2>Villkor f\u00f6r l\u00e4roavtalsutbildning f\u00f6r f\u00f6retagare<\/h2>\n<p>Du kan genomf\u00f6ra en l\u00e4roavtalsutbildning i ditt eget f\u00f6retag om f\u00f6ljande villkor \u00e4r uppfyllda:<\/p>\n<ul>\n<li>Du arbetar huvudsakligen (minst 25 timmar\/vecka) i ditt f\u00f6retag<\/li>\n<li>Du har vid uppstart av f\u00f6retaget registrerat f\u00f6retagsverksamheten till skattemyndigheterna<\/li>\n<li>Ditt f\u00f6retag har ett momsregistreringsnummer<\/li>\n<li>Du betalar f\u00f6retagarens pensionsf\u00f6rs\u00e4kring<\/li>\n<li>Ditt f\u00f6retag finns registrerat i f\u00f6rskottsbetalningsregistret och\/eller momsregistret<\/li>\n<\/ul>\n","protected":false},"excerpt":{"rendered":"<p>Oavsett om du precis har b\u00f6rjat eller redan samlat en stor erfarenhet som f\u00f6retagare, kommer ett framg\u00e5ngsrikt slutf\u00f6rande av en l\u00e4roavtalsutbildning eller vidareutbildning ge dig s\u00e4kerhet i f\u00f6retagarskapet\u00a0och bredda din verksamhet. Med l\u00e4roavtalsutbildning utbildar du dig samtidigt som du arbetar i ditt f\u00f6retag. F\u00f6retagarens l\u00e4roavtalsutbildning bygger p\u00e5 en \u00f6verenskommelse mellan f\u00f6retagaren och utbildningsanordnaren. F\u00f6retagare &#8211; &hellip; <a href=\"https:\/\/oppisopimus.fi\/sv\/foretagare\/laroavtalsutbildning\/\">L\u00e4s mer<\/a><\/p>\n","protected":false},"author":4,"featured_media":0,"parent":1384,"menu_order":0,"comment_status":"closed","ping_status":"closed","template":"","meta":{"_acf_changed":false,"footnotes":""},"acf":[],"yoast_head":"<title>F\u00f6retagarens l\u00e4roavtalsutbildning<\/title>\n<meta name=\"description\" content=\"Med l\u00e4roavtalsutbildning utbildar du dig samtidigt som du arbetar i ditt f\u00f6retag\" \/>\n<meta name=\"robots\" content=\"index, follow, max-snippet:-1, max-image-preview:large, max-video-preview:-1\" \/>\n<link rel=\"canonical\" href=\"https:\/\/oppisopimus.fi\/sv\/foretagare\/laroavtalsutbildning\/\" \/>\n<meta property=\"og:locale\" content=\"sv_SE\" \/>\n<meta property=\"og:type\" content=\"article\" \/>\n<meta property=\"og:title\" content=\"F\u00f6retagarens l\u00e4roavtalsutbildning\" \/>\n<meta property=\"og:description\" content=\"Med l\u00e4roavtalsutbildning utbildar du dig samtidigt som du arbetar i ditt f\u00f6retag\" \/>\n<meta property=\"og:url\" content=\"https:\/\/oppisopimus.fi\/sv\/foretagare\/laroavtalsutbildning\/\" \/>\n<meta property=\"og:site_name\" content=\"Oppisopimus\" \/>\n<meta property=\"article:publisher\" content=\"https:\/\/www.facebook.com\/oppisopimus.fi\/\" \/>\n<meta property=\"article:modified_time\" content=\"2021-03-17T10:43:18+00:00\" \/>\n<meta property=\"og:image\" content=\"https:\/\/oppisopimus.fi\/wp-content\/uploads\/2016\/09\/oppisopimus_fb.jpg\" \/>\n\t<meta property=\"og:image:width\" content=\"1860\" \/>\n\t<meta property=\"og:image:height\" content=\"970\" \/>\n\t<meta property=\"og:image:type\" content=\"image\/jpeg\" \/>\n<meta name=\"twitter:card\" content=\"summary_large_image\" \/>\n<meta name=\"twitter:site\" content=\"@oppisopimusfi\" \/>\n<meta name=\"twitter:label1\" content=\"Ber\u00e4knad l\u00e4stid\" \/>\n\t<meta name=\"twitter:data1\" content=\"3 minuter\" \/>\n<script type=\"application\/ld+json\" class=\"yoast-schema-graph\">{\"@context\":\"https:\/\/schema.org\",\"@graph\":[{\"@type\":\"WebPage\",\"@id\":\"https:\/\/oppisopimus.fi\/sv\/foretagare\/laroavtalsutbildning\/\",\"url\":\"https:\/\/oppisopimus.fi\/sv\/foretagare\/laroavtalsutbildning\/\",\"name\":\"F\u00f6retagarens l\u00e4roavtalsutbildning\",\"isPartOf\":{\"@id\":\"https:\/\/oppisopimus.fi\/#website\"},\"datePublished\":\"2016-08-26T11:10:17+00:00\",\"dateModified\":\"2021-03-17T10:43:18+00:00\",\"description\":\"Med l\u00e4roavtalsutbildning utbildar du dig samtidigt som du arbetar i ditt f\u00f6retag\",\"breadcrumb\":{\"@id\":\"https:\/\/oppisopimus.fi\/sv\/foretagare\/laroavtalsutbildning\/#breadcrumb\"},\"inLanguage\":\"sv-SE\",\"potentialAction\":[{\"@type\":\"ReadAction\",\"target\":[\"https:\/\/oppisopimus.fi\/sv\/foretagare\/laroavtalsutbildning\/\"]}]},{\"@type\":\"BreadcrumbList\",\"@id\":\"https:\/\/oppisopimus.fi\/sv\/foretagare\/laroavtalsutbildning\/#breadcrumb\",\"itemListElement\":[{\"@type\":\"ListItem\",\"position\":1,\"name\":\"Home\",\"item\":\"https:\/\/oppisopimus.fi\/sv\/\"},{\"@type\":\"ListItem\",\"position\":2,\"name\":\"F\u00f6retagare\",\"item\":\"https:\/\/oppisopimus.fi\/sv\/foretagare\/\"},{\"@type\":\"ListItem\",\"position\":3,\"name\":\"H\u00f6j dina kunskaper till n\u00e4sta niv\u00e5!\"}]},{\"@type\":\"WebSite\",\"@id\":\"https:\/\/oppisopimus.fi\/#website\",\"url\":\"https:\/\/oppisopimus.fi\/\",\"name\":\"Oppisopimus\",\"description\":\"\",\"potentialAction\":[{\"@type\":\"SearchAction\",\"target\":{\"@type\":\"EntryPoint\",\"urlTemplate\":\"https:\/\/oppisopimus.fi\/search\/{search_term_string}\"},\"query-input\":\"required name=search_term_string\"}],\"inLanguage\":\"sv-SE\"}]}<\/script>","yoast_head_json":{"title":"F\u00f6retagarens l\u00e4roavtalsutbildning","description":"Med l\u00e4roavtalsutbildning utbildar du dig samtidigt som du arbetar i ditt f\u00f6retag","robots":{"index":"index","follow":"follow","max-snippet":"max-snippet:-1","max-image-preview":"max-image-preview:large","max-video-preview":"max-video-preview:-1"},"canonical":"https:\/\/oppisopimus.fi\/sv\/foretagare\/laroavtalsutbildning\/","og_locale":"sv_SE","og_type":"article","og_title":"F\u00f6retagarens l\u00e4roavtalsutbildning","og_description":"Med l\u00e4roavtalsutbildning utbildar du dig samtidigt som du arbetar i ditt f\u00f6retag","og_url":"https:\/\/oppisopimus.fi\/sv\/foretagare\/laroavtalsutbildning\/","og_site_name":"Oppisopimus","article_publisher":"https:\/\/www.facebook.com\/oppisopimus.fi\/","article_modified_time":"2021-03-17T10:43:18+00:00","og_image":[{"width":1860,"height":970,"url":"https:\/\/oppisopimus.fi\/wp-content\/uploads\/2016\/09\/oppisopimus_fb.jpg","type":"image\/jpeg"}],"twitter_card":"summary_large_image","twitter_site":"@oppisopimusfi","twitter_misc":{"Ber\u00e4knad l\u00e4stid":"3 minuter"},"schema":{"@context":"https:\/\/schema.org","@graph":[{"@type":"WebPage","@id":"https:\/\/oppisopimus.fi\/sv\/foretagare\/laroavtalsutbildning\/","url":"https:\/\/oppisopimus.fi\/sv\/foretagare\/laroavtalsutbildning\/","name":"F\u00f6retagarens l\u00e4roavtalsutbildning","isPartOf":{"@id":"https:\/\/oppisopimus.fi\/#website"},"datePublished":"2016-08-26T11:10:17+00:00","dateModified":"2021-03-17T10:43:18+00:00","description":"Med l\u00e4roavtalsutbildning utbildar du dig samtidigt som du arbetar i ditt f\u00f6retag","breadcrumb":{"@id":"https:\/\/oppisopimus.fi\/sv\/foretagare\/laroavtalsutbildning\/#breadcrumb"},"inLanguage":"sv-SE","potentialAction":[{"@type":"ReadAction","target":["https:\/\/oppisopimus.fi\/sv\/foretagare\/laroavtalsutbildning\/"]}]},{"@type":"BreadcrumbList","@id":"https:\/\/oppisopimus.fi\/sv\/foretagare\/laroavtalsutbildning\/#breadcrumb","itemListElement":[{"@type":"ListItem","position":1,"name":"Home","item":"https:\/\/oppisopimus.fi\/sv\/"},{"@type":"ListItem","position":2,"name":"F\u00f6retagare","item":"https:\/\/oppisopimus.fi\/sv\/foretagare\/"},{"@type":"ListItem","position":3,"name":"H\u00f6j dina kunskaper till n\u00e4sta niv\u00e5!"}]},{"@type":"WebSite","@id":"https:\/\/oppisopimus.fi\/#website","url":"https:\/\/oppisopimus.fi\/","name":"Oppisopimus","description":"","potentialAction":[{"@type":"SearchAction","target":{"@type":"EntryPoint","urlTemplate":"https:\/\/oppisopimus.fi\/search\/{search_term_string}"},"query-input":"required name=search_term_string"}],"inLanguage":"sv-SE"}]}},"_links":{"self":[{"href":"https:\/\/oppisopimus.fi\/sv\/wp-json\/wp\/v2\/pages\/1692"}],"collection":[{"href":"https:\/\/oppisopimus.fi\/sv\/wp-json\/wp\/v2\/pages"}],"about":[{"href":"https:\/\/oppisopimus.fi\/sv\/wp-json\/wp\/v2\/types\/page"}],"author":[{"embeddable":true,"href":"https:\/\/oppisopimus.fi\/sv\/wp-json\/wp\/v2\/users\/4"}],"replies":[{"embeddable":true,"href":"https:\/\/oppisopimus.fi\/sv\/wp-json\/wp\/v2\/comments?post=1692"}],"version-history":[{"count":4,"href":"https:\/\/oppisopimus.fi\/sv\/wp-json\/wp\/v2\/pages\/1692\/revisions"}],"predecessor-version":[{"id":4893,"href":"https:\/\/oppisopimus.fi\/sv\/wp-json\/wp\/v2\/pages\/1692\/revisions\/4893"}],"up":[{"embeddable":true,"href":"https:\/\/oppisopimus.fi\/sv\/wp-json\/wp\/v2\/pages\/1384"}],"wp:attachment":[{"href":"https:\/\/oppisopimus.fi\/sv\/wp-json\/wp\/v2\/media?parent=1692"}],"curies":[{"name":"wp","href":"https:\/\/api.w.org\/{rel}","templated":true}]}}