{"id":1410,"date":"2016-08-26T15:03:03","date_gmt":"2016-08-26T12:03:03","guid":{"rendered":"https:\/\/oppisopimusfi-wp16282.test.cchosting.fi\/for-foretagaren\/uusi-yrittaja\/"},"modified":"2017-01-24T11:43:36","modified_gmt":"2017-01-24T09:43:36","slug":"ny-foretagare","status":"publish","type":"page","link":"https:\/\/oppisopimus.fi\/sv\/foretagare\/ny-foretagare\/","title":{"rendered":"Ny f\u00f6retagare"},"content":{"rendered":"<h2 class=\"p1\"><span class=\"s1\">Ans\u00f6k till utbildningen s\u00e5 h\u00e4r<\/span><\/h2>\n<p class=\"p1\"><span class=\"s1\">Om villkoren f\u00f6r l\u00e4roavtalsutbildning f\u00f6r f\u00f6retagare \u00e4r uppfyllda, g\u00f6r f\u00f6ljande:<\/span><\/p>\n<ol>\n<li class=\"p1\"><span class=\"s1\">T\u00e4nk p\u00e5 vad du vill studera. Vill du genomf\u00f6ra en yrkesexamen f\u00f6r f\u00f6retagare eller f\u00f6rv\u00e4rva helt nya kunskaper? L\u00e4s mer om kriterierna f\u00f6r <a href=\"http:\/\/www.oph.fi\/lagar_och_anvisningar\/laroplans-_och_examensgrunder\/yrkesexamina_och_specialyrkesexamina\" target=\"_blank\">frist\u00e5ende examina<\/a>.\u00a0<\/span><\/li>\n<li class=\"p1\"><span class=\"s1\">N\u00e4r du vet vad du vill studera eller vill diskutera dina alternativ, kontakta <a href=\"https:\/\/oppisopimus.fi\/sv\/laroavtalsanordnare\/\">l\u00e4roavtalsanordnaren i din region<\/a> och beskriv din situation.<\/span><\/li>\n<li class=\"p1\"><span class=\"s1\">Hitta en l\u00e4mplig mentor. Diskutera ditt behov av st\u00f6d och fatta beslut om val av en mentor. Om du genomf\u00f6r en examen i f\u00f6retagande, beh\u00f6ver mentorn inte vara verksam inom samma bransch som du. Du kan leta efter l\u00e4mpliga personer i <a href=\"https:\/\/mentoripankki.recit.fi\/sv\" target=\"_blank\">mentorsbanken<\/a>.<\/span><\/li>\n<li class=\"p1\"><span class=\"s1\">Meddela valet av mentor till utbildningsanordnaren.<\/span><\/li>\n<li class=\"p1\"><span class=\"s1\"><a href=\"https:\/\/oppisopimus.fi\/sv\/laroavtalsanordnare\/\">Utbildningsanordnaren<\/a> hanterar avtalsfr\u00e5gor, ger dig med teoriundervisning p\u00e5 l\u00e4roanstalten och ing\u00e5r ett l\u00e4roavtal med dig.<\/span><\/li>\n<\/ol>\n<h3><span class=\"s1\">Du kan b\u00f6rja!<\/span><\/h3>\n","protected":false},"excerpt":{"rendered":"<p>Ans\u00f6k till utbildningen s\u00e5 h\u00e4r Om villkoren f\u00f6r l\u00e4roavtalsutbildning f\u00f6r f\u00f6retagare \u00e4r uppfyllda, g\u00f6r f\u00f6ljande: T\u00e4nk p\u00e5 vad du vill studera. Vill du genomf\u00f6ra en yrkesexamen f\u00f6r f\u00f6retagare eller f\u00f6rv\u00e4rva helt nya kunskaper? L\u00e4s mer om kriterierna f\u00f6r frist\u00e5ende examina.\u00a0 N\u00e4r du vet vad du vill studera eller vill diskutera dina alternativ, kontakta l\u00e4roavtalsanordnaren i &hellip; <a href=\"https:\/\/oppisopimus.fi\/sv\/foretagare\/ny-foretagare\/\">L\u00e4s mer<\/a><\/p>\n","protected":false},"author":4,"featured_media":0,"parent":1384,"menu_order":0,"comment_status":"closed","ping_status":"closed","template":"","meta":{"_acf_changed":false,"footnotes":""},"acf":[],"yoast_head":"<title>Ny f\u00f6retagare ans\u00f6k till l\u00e4roavtalsutbildningen<\/title>\n<meta name=\"description\" content=\"Vill du genomf\u00f6ra en yrkesexamen f\u00f6r f\u00f6retagare eller f\u00f6rv\u00e4rva helt nya kunskaper?\" \/>\n<meta name=\"robots\" content=\"index, follow, max-snippet:-1, max-image-preview:large, max-video-preview:-1\" \/>\n<link rel=\"canonical\" href=\"https:\/\/oppisopimus.fi\/sv\/foretagare\/ny-foretagare\/\" \/>\n<meta property=\"og:locale\" content=\"sv_SE\" \/>\n<meta property=\"og:type\" content=\"article\" \/>\n<meta property=\"og:title\" content=\"Ny f\u00f6retagare ans\u00f6k till l\u00e4roavtalsutbildningen\" \/>\n<meta property=\"og:description\" content=\"Vill du genomf\u00f6ra en yrkesexamen f\u00f6r f\u00f6retagare eller f\u00f6rv\u00e4rva helt nya kunskaper?\" \/>\n<meta property=\"og:url\" content=\"https:\/\/oppisopimus.fi\/sv\/foretagare\/ny-foretagare\/\" \/>\n<meta property=\"og:site_name\" content=\"Oppisopimus\" \/>\n<meta property=\"article:publisher\" content=\"https:\/\/www.facebook.com\/oppisopimus.fi\/\" \/>\n<meta property=\"article:modified_time\" content=\"2017-01-24T09:43:36+00:00\" \/>\n<meta property=\"og:image\" content=\"https:\/\/oppisopimus.fi\/wp-content\/uploads\/2016\/09\/oppisopimus_fb.jpg\" \/>\n\t<meta property=\"og:image:width\" content=\"1860\" \/>\n\t<meta property=\"og:image:height\" content=\"970\" \/>\n\t<meta property=\"og:image:type\" content=\"image\/jpeg\" \/>\n<meta name=\"twitter:card\" content=\"summary_large_image\" \/>\n<meta name=\"twitter:site\" content=\"@oppisopimusfi\" \/>\n<meta name=\"twitter:label1\" content=\"Ber\u00e4knad l\u00e4stid\" \/>\n\t<meta name=\"twitter:data1\" content=\"1 minut\" \/>\n<script type=\"application\/ld+json\" class=\"yoast-schema-graph\">{\"@context\":\"https:\/\/schema.org\",\"@graph\":[{\"@type\":\"WebPage\",\"@id\":\"https:\/\/oppisopimus.fi\/sv\/foretagare\/ny-foretagare\/\",\"url\":\"https:\/\/oppisopimus.fi\/sv\/foretagare\/ny-foretagare\/\",\"name\":\"Ny f\u00f6retagare ans\u00f6k till l\u00e4roavtalsutbildningen\",\"isPartOf\":{\"@id\":\"https:\/\/oppisopimus.fi\/#website\"},\"datePublished\":\"2016-08-26T12:03:03+00:00\",\"dateModified\":\"2017-01-24T09:43:36+00:00\",\"description\":\"Vill du genomf\u00f6ra en yrkesexamen f\u00f6r f\u00f6retagare eller f\u00f6rv\u00e4rva helt nya kunskaper?\",\"breadcrumb\":{\"@id\":\"https:\/\/oppisopimus.fi\/sv\/foretagare\/ny-foretagare\/#breadcrumb\"},\"inLanguage\":\"sv-SE\",\"potentialAction\":[{\"@type\":\"ReadAction\",\"target\":[\"https:\/\/oppisopimus.fi\/sv\/foretagare\/ny-foretagare\/\"]}]},{\"@type\":\"BreadcrumbList\",\"@id\":\"https:\/\/oppisopimus.fi\/sv\/foretagare\/ny-foretagare\/#breadcrumb\",\"itemListElement\":[{\"@type\":\"ListItem\",\"position\":1,\"name\":\"Home\",\"item\":\"https:\/\/oppisopimus.fi\/sv\/\"},{\"@type\":\"ListItem\",\"position\":2,\"name\":\"F\u00f6retagare\",\"item\":\"https:\/\/oppisopimus.fi\/sv\/foretagare\/\"},{\"@type\":\"ListItem\",\"position\":3,\"name\":\"Ny f\u00f6retagare\"}]},{\"@type\":\"WebSite\",\"@id\":\"https:\/\/oppisopimus.fi\/#website\",\"url\":\"https:\/\/oppisopimus.fi\/\",\"name\":\"Oppisopimus\",\"description\":\"\",\"potentialAction\":[{\"@type\":\"SearchAction\",\"target\":{\"@type\":\"EntryPoint\",\"urlTemplate\":\"https:\/\/oppisopimus.fi\/search\/{search_term_string}\"},\"query-input\":\"required name=search_term_string\"}],\"inLanguage\":\"sv-SE\"}]}<\/script>","yoast_head_json":{"title":"Ny f\u00f6retagare ans\u00f6k till l\u00e4roavtalsutbildningen","description":"Vill du genomf\u00f6ra en yrkesexamen f\u00f6r f\u00f6retagare eller f\u00f6rv\u00e4rva helt nya kunskaper?","robots":{"index":"index","follow":"follow","max-snippet":"max-snippet:-1","max-image-preview":"max-image-preview:large","max-video-preview":"max-video-preview:-1"},"canonical":"https:\/\/oppisopimus.fi\/sv\/foretagare\/ny-foretagare\/","og_locale":"sv_SE","og_type":"article","og_title":"Ny f\u00f6retagare ans\u00f6k till l\u00e4roavtalsutbildningen","og_description":"Vill du genomf\u00f6ra en yrkesexamen f\u00f6r f\u00f6retagare eller f\u00f6rv\u00e4rva helt nya kunskaper?","og_url":"https:\/\/oppisopimus.fi\/sv\/foretagare\/ny-foretagare\/","og_site_name":"Oppisopimus","article_publisher":"https:\/\/www.facebook.com\/oppisopimus.fi\/","article_modified_time":"2017-01-24T09:43:36+00:00","og_image":[{"width":1860,"height":970,"url":"https:\/\/oppisopimus.fi\/wp-content\/uploads\/2016\/09\/oppisopimus_fb.jpg","type":"image\/jpeg"}],"twitter_card":"summary_large_image","twitter_site":"@oppisopimusfi","twitter_misc":{"Ber\u00e4knad l\u00e4stid":"1 minut"},"schema":{"@context":"https:\/\/schema.org","@graph":[{"@type":"WebPage","@id":"https:\/\/oppisopimus.fi\/sv\/foretagare\/ny-foretagare\/","url":"https:\/\/oppisopimus.fi\/sv\/foretagare\/ny-foretagare\/","name":"Ny f\u00f6retagare ans\u00f6k till l\u00e4roavtalsutbildningen","isPartOf":{"@id":"https:\/\/oppisopimus.fi\/#website"},"datePublished":"2016-08-26T12:03:03+00:00","dateModified":"2017-01-24T09:43:36+00:00","description":"Vill du genomf\u00f6ra en yrkesexamen f\u00f6r f\u00f6retagare eller f\u00f6rv\u00e4rva helt nya kunskaper?","breadcrumb":{"@id":"https:\/\/oppisopimus.fi\/sv\/foretagare\/ny-foretagare\/#breadcrumb"},"inLanguage":"sv-SE","potentialAction":[{"@type":"ReadAction","target":["https:\/\/oppisopimus.fi\/sv\/foretagare\/ny-foretagare\/"]}]},{"@type":"BreadcrumbList","@id":"https:\/\/oppisopimus.fi\/sv\/foretagare\/ny-foretagare\/#breadcrumb","itemListElement":[{"@type":"ListItem","position":1,"name":"Home","item":"https:\/\/oppisopimus.fi\/sv\/"},{"@type":"ListItem","position":2,"name":"F\u00f6retagare","item":"https:\/\/oppisopimus.fi\/sv\/foretagare\/"},{"@type":"ListItem","position":3,"name":"Ny f\u00f6retagare"}]},{"@type":"WebSite","@id":"https:\/\/oppisopimus.fi\/#website","url":"https:\/\/oppisopimus.fi\/","name":"Oppisopimus","description":"","potentialAction":[{"@type":"SearchAction","target":{"@type":"EntryPoint","urlTemplate":"https:\/\/oppisopimus.fi\/search\/{search_term_string}"},"query-input":"required name=search_term_string"}],"inLanguage":"sv-SE"}]}},"_links":{"self":[{"href":"https:\/\/oppisopimus.fi\/sv\/wp-json\/wp\/v2\/pages\/1410"}],"collection":[{"href":"https:\/\/oppisopimus.fi\/sv\/wp-json\/wp\/v2\/pages"}],"about":[{"href":"https:\/\/oppisopimus.fi\/sv\/wp-json\/wp\/v2\/types\/page"}],"author":[{"embeddable":true,"href":"https:\/\/oppisopimus.fi\/sv\/wp-json\/wp\/v2\/users\/4"}],"replies":[{"embeddable":true,"href":"https:\/\/oppisopimus.fi\/sv\/wp-json\/wp\/v2\/comments?post=1410"}],"version-history":[{"count":5,"href":"https:\/\/oppisopimus.fi\/sv\/wp-json\/wp\/v2\/pages\/1410\/revisions"}],"predecessor-version":[{"id":1980,"href":"https:\/\/oppisopimus.fi\/sv\/wp-json\/wp\/v2\/pages\/1410\/revisions\/1980"}],"up":[{"embeddable":true,"href":"https:\/\/oppisopimus.fi\/sv\/wp-json\/wp\/v2\/pages\/1384"}],"wp:attachment":[{"href":"https:\/\/oppisopimus.fi\/sv\/wp-json\/wp\/v2\/media?parent=1410"}],"curies":[{"name":"wp","href":"https:\/\/api.w.org\/{rel}","templated":true}]}}