{"id":1201,"date":"2016-08-18T15:48:38","date_gmt":"2016-08-18T12:48:38","guid":{"rendered":"https:\/\/oppisopimusfi-wp16282.test.cchosting.fi\/sv\/for-arbetsgivare\/oppisopimuskoulutus\/"},"modified":"2022-01-20T12:55:10","modified_gmt":"2022-01-20T10:55:10","slug":"laroavtalsutbildning","status":"publish","type":"page","link":"https:\/\/oppisopimus.fi\/sv\/arbetsgivare\/laroavtalsutbildning\/","title":{"rendered":"Rekrytera eller utbilda personal"},"content":{"rendered":"<p>Hittar du inte l\u00e4mplig, kunnig personal? S\u00f6ker du n\u00e5gon som har uppdaterat kunnande om din bransch? Beh\u00f6ver din personal fortbildning inf\u00f6r nya arbetsuppgifter? Med l\u00e4roavtal kan du l\u00e4ra upp en bra typ till en superanst\u00e4lld eller utbilda personalen med \u00e4nnu st\u00f6rre expertis.<\/p>\n<p>Ett l\u00e4roavtal \u00e4r ett effektivt s\u00e4tt att rekrytera ny eller utbilda befintlig personal.<\/p>\n<p>Genom att utbilda den anst\u00e4llda p\u00e5 arbetsplatsen f\u00e5r du just det kunnande du beh\u00f6ver, snabbt och kostnadseffektivt.<\/p>\n<p class=\"p1\"><span class=\"s1\">Personalutbildning med l\u00e4roavtal \u00e4r en investering f\u00f6r framtiden eftersom utbildad och kunnig personal bidrar till att f\u00f6retaget \u00e4r framg\u00e5ngsrikt. \u00a0<\/span><\/p>\n<blockquote>\n<p class=\"p1\">Ett l\u00e4roavtal \u00e4r ett effektivt s\u00e4tt att rekrytera ny eller utbilda befintlig personal.<\/p>\n<\/blockquote>\n<p class=\"p1\"><span class=\"s1\">. Kontakta <a href=\"https:\/\/oppisopimus.fi\/sv\/laroavtalsanordnare\/\">l\u00e4roavtalsbyr\u00e5n i din region<\/a>\u00a0f\u00f6r mera information.<\/span><\/p>\n<h2>Fyra parter<\/h2>\n<p>Arbetsgivaren och den studerande\u00a0(dvs. den som avl\u00e4gger en examen, examensdel, annan helt) \u00e4r de viktigaste parterna i l\u00e4roavtalet, eftersom st\u00f6rsta delen av studierna sker genom l\u00e4rande i arbetsuppgifter p\u00e5 en arbetsplats. Dessutom \u00e4r \u00a0l\u00e4roanstalten och l\u00e4roavtalsanordnaren parter i l\u00e4roavtalet. Arbetsplatshandledaren \u00e4r den som p\u00e5 arbetsplatsen \u00e4r n\u00e4rmast den som studerar p\u00e5 l\u00e4roavtal eftersom hen \u00e4r utsedd av arbetsgivaren att handleda den studerande p\u00e5 arbetsplatsen.<\/p>\n<p>Den studerande kan studera i andra l\u00e4rmilj\u00f6er ifall det st\u00f6der praktiskt kunnande. \u00a0Den fj\u00e4rde parten, l\u00e4roavtalsanordnaren, sk\u00f6ter bland annat avtalsfr\u00e5gor och skaffar l\u00e4mplig undervisning som inte sker p\u00e5 arbetsplasten (i en l\u00e4roavtalst eller i virtuell milj\u00f6). L\u00e4roavtalsanordnaren st\u00f6der \u00e4ven det l\u00e4rande \u00a0och den handledning som sker i arbetslivet.<\/p>\n<h2>Arbetsgivarens kostnader<\/h2>\n<p>Arbetsgivaren st\u00e5r inte f\u00f6r andra direkta kostnader vad g\u00e4ller rekryteringen och utbildningen \u00e4n l\u00f6nekostnaderna och tillh\u00f6rande avgifter.<\/p>\n<h2>Utbildningsers\u00e4ttning<\/h2>\n<p>Utbildningsanordnaren kan betala en utbildningsers\u00e4ttning till arbetsgivaren ifall arbetsgivaren och utbildningsanordnaren uppskattar att utbildningen f\u00f6rorsakar kostnader och kommer \u00f6verens om\u00a0 utbildningsers\u00e4ttningen.<\/p>\n<h2>Utbildningsavtal<\/h2>\n<p>Utbildningsavtal har fr\u00e5n och med januari 2018 ersatt det som tidigare hette inl\u00e4rning i arbete inom yrkesutbildningen p\u00e5 andra stadiet. Utbildningsavtalet \u00e4r ett skriftligt, tidsbundet avtal mellan utbildningsanordnaren och arbetsplatsen om den studerandens f\u00f6rv\u00e4rvande av kunnande p\u00e5 en arbetsplats. Inom ramen f\u00f6r ett utbildningsavtal st\u00e5r den studerande inte i ett anst\u00e4llningsf\u00f6rh\u00e5llande och d\u00e4rf\u00f6r utbetalas heller inte n\u00e5gon l\u00f6n \u00e5t studeranden f\u00f6r denna tid. Utbildningsavtalet kan \u00e4ven fungera som en smidig \u00f6verg\u00e5ng till ett m\u00f6jligt l\u00e4roavtal. Studerande som f\u00e5r utbildning som grundar sig p\u00e5 utbildningsavtal har r\u00e4tt till f\u00f6ljande studiesociala f\u00f6rm\u00e5ner: studiest\u00f6d, ers\u00e4ttning f\u00f6r skolresekostnader samt r\u00e4tt till de avgiftsfria m\u00e5ltider som utbildningsanordnaren erbjuder.<\/p>\n<p>Undervisnings- och kulturministeriet : <a href=\"https:\/\/minedu.fi\/documents\/1410845\/4970458\/Avtalsmodeller-pdf\/57142115-c383-4ee4-a47f-4e9059b9a076\/Avtalsmodeller-pdf.pdf\">Avtalsmodeller<\/a><\/p>\n<p>&nbsp;<\/p>\n<h2>L\u00f6nesubvention f\u00f6r att anst\u00e4lla en arbetsl\u00f6s arbetss\u00f6kande<\/h2>\n<p>Arbetsgivaren kan p\u00e5 TE-byr\u00e5n ans\u00f6ka om l\u00f6nesubvention f\u00f6r att anst\u00e4lla en arbetsl\u00f6s arbetss\u00f6kande p\u00e5 l\u00e4roavtal. L\u00e4roavtalet eller anst\u00e4llningsf\u00f6rh\u00e5llandet kan inte p\u00e5b\u00f6rjas f\u00f6rr\u00e4n beslutet om l\u00f6nesubventionen fattats av TE-byr\u00e5n. TE-byr\u00e5n beslutar om st\u00f6dets storlek och l\u00e4ngd p\u00e5 basis av arbetsgivarens ans\u00f6kan.<\/p>\n<ul class=\"linklist\">\n<li><a href=\"https:\/\/www.te-palvelut.fi\/arbetsgivare\/hitta-medarbetare\/lonesubvention\" target=\"_blank\" rel=\"noopener noreferrer\">L\u00f6nesubvention<\/a><\/li>\n<\/ul>\n<h2>l\u00e4roavtal f\u00f6r befintlig personal<\/h2>\n<p>Ett l\u00e4roavtal kan ocks\u00e5 ing\u00e5s med en tillsvidareanst\u00e4lld\u00a0 eller med en visstidsanst\u00e4lld. En anst\u00e4llning med hj\u00e4lp av l\u00f6nest\u00f6d kan under vissa omst\u00e4ndigheter f\u00f6rl\u00e4ngas som ett l\u00e4roavtal.<\/p>\n","protected":false},"excerpt":{"rendered":"<p>Hittar du inte l\u00e4mplig, kunnig personal? S\u00f6ker du n\u00e5gon som har uppdaterat kunnande om din bransch? Beh\u00f6ver din personal fortbildning inf\u00f6r nya arbetsuppgifter? Med l\u00e4roavtal kan du l\u00e4ra upp en bra typ till en superanst\u00e4lld eller utbilda personalen med \u00e4nnu st\u00f6rre expertis. Ett l\u00e4roavtal \u00e4r ett effektivt s\u00e4tt att rekrytera ny eller utbilda befintlig personal. &hellip; <a href=\"https:\/\/oppisopimus.fi\/sv\/arbetsgivare\/laroavtalsutbildning\/\">L\u00e4s mer<\/a><\/p>\n","protected":false},"author":4,"featured_media":1347,"parent":1197,"menu_order":0,"comment_status":"closed","ping_status":"closed","template":"","meta":{"_acf_changed":false,"footnotes":""},"acf":[],"yoast_head":"<title>L\u00e4roavtalets f\u00f6rm\u00e5ner f\u00f6r arbetsgivaren<\/title>\n<meta name=\"description\" content=\"Med l\u00e4roavtal kan du tr\u00e4na upp en bra typ till en utm\u00e4rkt anst\u00e4lld eller utbilda din personal s\u00e5 att de blir \u00e4nnu m\u00e5ngsidigare experter.\" \/>\n<meta name=\"robots\" content=\"index, follow, max-snippet:-1, max-image-preview:large, max-video-preview:-1\" \/>\n<link rel=\"canonical\" href=\"https:\/\/oppisopimus.fi\/sv\/arbetsgivare\/laroavtalsutbildning\/\" \/>\n<meta property=\"og:locale\" content=\"sv_SE\" \/>\n<meta property=\"og:type\" content=\"article\" \/>\n<meta property=\"og:title\" content=\"L\u00e4roavtalets f\u00f6rm\u00e5ner f\u00f6r arbetsgivaren\" \/>\n<meta property=\"og:description\" content=\"Med l\u00e4roavtal kan du tr\u00e4na upp en bra typ till en utm\u00e4rkt anst\u00e4lld eller utbilda din personal s\u00e5 att de blir \u00e4nnu m\u00e5ngsidigare experter.\" \/>\n<meta property=\"og:url\" content=\"https:\/\/oppisopimus.fi\/sv\/arbetsgivare\/laroavtalsutbildning\/\" \/>\n<meta property=\"og:site_name\" content=\"Oppisopimus\" \/>\n<meta property=\"article:publisher\" content=\"https:\/\/www.facebook.com\/oppisopimus.fi\/\" \/>\n<meta property=\"article:modified_time\" content=\"2022-01-20T10:55:10+00:00\" \/>\n<meta property=\"og:image\" content=\"https:\/\/oppisopimus.fi\/wp-content\/uploads\/2016\/08\/tyonantajalle_oppisopimus-834x469.jpg\" \/>\n\t<meta property=\"og:image:width\" content=\"834\" \/>\n\t<meta property=\"og:image:height\" content=\"469\" \/>\n\t<meta property=\"og:image:type\" content=\"image\/jpeg\" \/>\n<meta name=\"twitter:card\" content=\"summary_large_image\" \/>\n<meta name=\"twitter:site\" content=\"@oppisopimusfi\" \/>\n<meta name=\"twitter:label1\" content=\"Ber\u00e4knad l\u00e4stid\" \/>\n\t<meta name=\"twitter:data1\" content=\"3 minuter\" \/>\n<script type=\"application\/ld+json\" class=\"yoast-schema-graph\">{\"@context\":\"https:\/\/schema.org\",\"@graph\":[{\"@type\":\"WebPage\",\"@id\":\"https:\/\/oppisopimus.fi\/sv\/arbetsgivare\/laroavtalsutbildning\/\",\"url\":\"https:\/\/oppisopimus.fi\/sv\/arbetsgivare\/laroavtalsutbildning\/\",\"name\":\"L\u00e4roavtalets f\u00f6rm\u00e5ner f\u00f6r arbetsgivaren\",\"isPartOf\":{\"@id\":\"https:\/\/oppisopimus.fi\/#website\"},\"primaryImageOfPage\":{\"@id\":\"https:\/\/oppisopimus.fi\/sv\/arbetsgivare\/laroavtalsutbildning\/#primaryimage\"},\"image\":{\"@id\":\"https:\/\/oppisopimus.fi\/sv\/arbetsgivare\/laroavtalsutbildning\/#primaryimage\"},\"thumbnailUrl\":\"\/wp-content\/uploads\/2016\/08\/tyonantajalle_oppisopimus.jpg\",\"datePublished\":\"2016-08-18T12:48:38+00:00\",\"dateModified\":\"2022-01-20T10:55:10+00:00\",\"description\":\"Med l\u00e4roavtal kan du tr\u00e4na upp en bra typ till en utm\u00e4rkt anst\u00e4lld eller utbilda din personal s\u00e5 att de blir \u00e4nnu m\u00e5ngsidigare experter.\",\"breadcrumb\":{\"@id\":\"https:\/\/oppisopimus.fi\/sv\/arbetsgivare\/laroavtalsutbildning\/#breadcrumb\"},\"inLanguage\":\"sv-SE\",\"potentialAction\":[{\"@type\":\"ReadAction\",\"target\":[\"https:\/\/oppisopimus.fi\/sv\/arbetsgivare\/laroavtalsutbildning\/\"]}]},{\"@type\":\"ImageObject\",\"inLanguage\":\"sv-SE\",\"@id\":\"https:\/\/oppisopimus.fi\/sv\/arbetsgivare\/laroavtalsutbildning\/#primaryimage\",\"url\":\"\/wp-content\/uploads\/2016\/08\/tyonantajalle_oppisopimus.jpg\",\"contentUrl\":\"\/wp-content\/uploads\/2016\/08\/tyonantajalle_oppisopimus.jpg\",\"width\":4608,\"height\":2592,\"caption\":\"OLYMPUS DIGITAL CAMERA\"},{\"@type\":\"BreadcrumbList\",\"@id\":\"https:\/\/oppisopimus.fi\/sv\/arbetsgivare\/laroavtalsutbildning\/#breadcrumb\",\"itemListElement\":[{\"@type\":\"ListItem\",\"position\":1,\"name\":\"Home\",\"item\":\"https:\/\/oppisopimus.fi\/sv\/\"},{\"@type\":\"ListItem\",\"position\":2,\"name\":\"F\u00f6r arbetsgivare\",\"item\":\"https:\/\/oppisopimus.fi\/sv\/arbetsgivare\/\"},{\"@type\":\"ListItem\",\"position\":3,\"name\":\"Rekrytera eller utbilda personal\"}]},{\"@type\":\"WebSite\",\"@id\":\"https:\/\/oppisopimus.fi\/#website\",\"url\":\"https:\/\/oppisopimus.fi\/\",\"name\":\"Oppisopimus\",\"description\":\"\",\"potentialAction\":[{\"@type\":\"SearchAction\",\"target\":{\"@type\":\"EntryPoint\",\"urlTemplate\":\"https:\/\/oppisopimus.fi\/search\/{search_term_string}\"},\"query-input\":\"required name=search_term_string\"}],\"inLanguage\":\"sv-SE\"}]}<\/script>","yoast_head_json":{"title":"L\u00e4roavtalets f\u00f6rm\u00e5ner f\u00f6r arbetsgivaren","description":"Med l\u00e4roavtal kan du tr\u00e4na upp en bra typ till en utm\u00e4rkt anst\u00e4lld eller utbilda din personal s\u00e5 att de blir \u00e4nnu m\u00e5ngsidigare experter.","robots":{"index":"index","follow":"follow","max-snippet":"max-snippet:-1","max-image-preview":"max-image-preview:large","max-video-preview":"max-video-preview:-1"},"canonical":"https:\/\/oppisopimus.fi\/sv\/arbetsgivare\/laroavtalsutbildning\/","og_locale":"sv_SE","og_type":"article","og_title":"L\u00e4roavtalets f\u00f6rm\u00e5ner f\u00f6r arbetsgivaren","og_description":"Med l\u00e4roavtal kan du tr\u00e4na upp en bra typ till en utm\u00e4rkt anst\u00e4lld eller utbilda din personal s\u00e5 att de blir \u00e4nnu m\u00e5ngsidigare experter.","og_url":"https:\/\/oppisopimus.fi\/sv\/arbetsgivare\/laroavtalsutbildning\/","og_site_name":"Oppisopimus","article_publisher":"https:\/\/www.facebook.com\/oppisopimus.fi\/","article_modified_time":"2022-01-20T10:55:10+00:00","og_image":[{"width":834,"height":469,"url":"https:\/\/oppisopimus.fi\/wp-content\/uploads\/2016\/08\/tyonantajalle_oppisopimus-834x469.jpg","type":"image\/jpeg"}],"twitter_card":"summary_large_image","twitter_site":"@oppisopimusfi","twitter_misc":{"Ber\u00e4knad l\u00e4stid":"3 minuter"},"schema":{"@context":"https:\/\/schema.org","@graph":[{"@type":"WebPage","@id":"https:\/\/oppisopimus.fi\/sv\/arbetsgivare\/laroavtalsutbildning\/","url":"https:\/\/oppisopimus.fi\/sv\/arbetsgivare\/laroavtalsutbildning\/","name":"L\u00e4roavtalets f\u00f6rm\u00e5ner f\u00f6r arbetsgivaren","isPartOf":{"@id":"https:\/\/oppisopimus.fi\/#website"},"primaryImageOfPage":{"@id":"https:\/\/oppisopimus.fi\/sv\/arbetsgivare\/laroavtalsutbildning\/#primaryimage"},"image":{"@id":"https:\/\/oppisopimus.fi\/sv\/arbetsgivare\/laroavtalsutbildning\/#primaryimage"},"thumbnailUrl":"\/wp-content\/uploads\/2016\/08\/tyonantajalle_oppisopimus.jpg","datePublished":"2016-08-18T12:48:38+00:00","dateModified":"2022-01-20T10:55:10+00:00","description":"Med l\u00e4roavtal kan du tr\u00e4na upp en bra typ till en utm\u00e4rkt anst\u00e4lld eller utbilda din personal s\u00e5 att de blir \u00e4nnu m\u00e5ngsidigare experter.","breadcrumb":{"@id":"https:\/\/oppisopimus.fi\/sv\/arbetsgivare\/laroavtalsutbildning\/#breadcrumb"},"inLanguage":"sv-SE","potentialAction":[{"@type":"ReadAction","target":["https:\/\/oppisopimus.fi\/sv\/arbetsgivare\/laroavtalsutbildning\/"]}]},{"@type":"ImageObject","inLanguage":"sv-SE","@id":"https:\/\/oppisopimus.fi\/sv\/arbetsgivare\/laroavtalsutbildning\/#primaryimage","url":"\/wp-content\/uploads\/2016\/08\/tyonantajalle_oppisopimus.jpg","contentUrl":"\/wp-content\/uploads\/2016\/08\/tyonantajalle_oppisopimus.jpg","width":4608,"height":2592,"caption":"OLYMPUS DIGITAL CAMERA"},{"@type":"BreadcrumbList","@id":"https:\/\/oppisopimus.fi\/sv\/arbetsgivare\/laroavtalsutbildning\/#breadcrumb","itemListElement":[{"@type":"ListItem","position":1,"name":"Home","item":"https:\/\/oppisopimus.fi\/sv\/"},{"@type":"ListItem","position":2,"name":"F\u00f6r arbetsgivare","item":"https:\/\/oppisopimus.fi\/sv\/arbetsgivare\/"},{"@type":"ListItem","position":3,"name":"Rekrytera eller utbilda personal"}]},{"@type":"WebSite","@id":"https:\/\/oppisopimus.fi\/#website","url":"https:\/\/oppisopimus.fi\/","name":"Oppisopimus","description":"","potentialAction":[{"@type":"SearchAction","target":{"@type":"EntryPoint","urlTemplate":"https:\/\/oppisopimus.fi\/search\/{search_term_string}"},"query-input":"required name=search_term_string"}],"inLanguage":"sv-SE"}]}},"_links":{"self":[{"href":"https:\/\/oppisopimus.fi\/sv\/wp-json\/wp\/v2\/pages\/1201"}],"collection":[{"href":"https:\/\/oppisopimus.fi\/sv\/wp-json\/wp\/v2\/pages"}],"about":[{"href":"https:\/\/oppisopimus.fi\/sv\/wp-json\/wp\/v2\/types\/page"}],"author":[{"embeddable":true,"href":"https:\/\/oppisopimus.fi\/sv\/wp-json\/wp\/v2\/users\/4"}],"replies":[{"embeddable":true,"href":"https:\/\/oppisopimus.fi\/sv\/wp-json\/wp\/v2\/comments?post=1201"}],"version-history":[{"count":11,"href":"https:\/\/oppisopimus.fi\/sv\/wp-json\/wp\/v2\/pages\/1201\/revisions"}],"predecessor-version":[{"id":5285,"href":"https:\/\/oppisopimus.fi\/sv\/wp-json\/wp\/v2\/pages\/1201\/revisions\/5285"}],"up":[{"embeddable":true,"href":"https:\/\/oppisopimus.fi\/sv\/wp-json\/wp\/v2\/pages\/1197"}],"wp:featuredmedia":[{"embeddable":true,"href":"https:\/\/oppisopimus.fi\/sv\/wp-json\/wp\/v2\/media\/1347"}],"wp:attachment":[{"href":"https:\/\/oppisopimus.fi\/sv\/wp-json\/wp\/v2\/media?parent=1201"}],"curies":[{"name":"wp","href":"https:\/\/api.w.org\/{rel}","templated":true}]}}